{"id":1894,"date":"2017-11-27T08:55:26","date_gmt":"2017-11-27T11:55:26","guid":{"rendered":"https:\/\/bioestatistica.crp.ufv.br\/?page_id=1894"},"modified":"2019-05-03T15:02:01","modified_gmt":"2019-05-03T18:02:01","slug":"o-que-e","status":"publish","type":"page","link":"https:\/\/bioestatistica.crp.ufv.br\/?page_id=1894","title":{"rendered":"Equipe"},"content":{"rendered":"<h2>Coordenador do Laborat\u00f3rio:<\/h2>\n<p>&nbsp;<\/p>\n<p><strong>Eder Matsuo<\/strong>\u00a0&#8211; Universidade Federal de Vi\u00e7osa \/ <em>Campus<\/em>\u00a0Rio Parana\u00edba &#8211;\u00a0Instituto de Ci\u00eancias Exatas e Tecnol\u00f3gicas<\/p>\n<p>&nbsp;<\/p>\n<h2>Colaboradores:<\/h2>\n<p>&nbsp;<\/p>\n<p><strong>Cosme Dami\u00e3o Cruz<\/strong> &#8211;\u00a0Universidade Federal de Vi\u00e7osa \/ <em>Campus<\/em> Vi\u00e7osa &#8211; Departamento de Biologia Geral<\/p>\n<p><strong>Moys\u00e9s Nascimento<\/strong> &#8211; Universidade Federal de Vi\u00e7osa \/ <em>Campus<\/em> Vi\u00e7osa &#8211; Departamento de Estat\u00edstica<\/p>\n<p><strong>Paulo Roberto Cecon<\/strong> &#8211;\u00a0Universidade Federal de Vi\u00e7osa \/ <em>Campus<\/em> Vi\u00e7osa &#8211; Departamento de Estat\u00edstica<\/p>\n<p><strong>Silvana da Costa Ferreira<\/strong>\u00a0&#8211; Universidade Federal de Vi\u00e7osa \/ <em>Campus<\/em> Rio Parana\u00edba &#8211;\u00a0Instituto de Ci\u00eancias Biol\u00f3gicas e da Sa\u00fade<\/p>\n<p>&nbsp;<\/p>\n<h2>Orientados:<\/h2>\n<ul>\n<li>\ud83d\ude42<\/li>\n<\/ul>\n<h2>Ex-Orientados:<\/h2>\n<ul>\n<li>\ud83d\ude42<\/li>\n<\/ul>\n","protected":false},"excerpt":{"rendered":"<p>Coordenador do Laborat\u00f3rio: &nbsp; Eder Matsuo\u00a0&#8211; Universidade Federal de Vi\u00e7osa \/ Campus\u00a0Rio Parana\u00edba &#8211;\u00a0Instituto de Ci\u00eancias Exatas e Tecnol\u00f3gicas &nbsp; Colaboradores: &nbsp; Cosme Dami\u00e3o Cruz &#8211;\u00a0Universidade Federal de Vi\u00e7osa \/ Campus Vi\u00e7osa &#8211; Departamento de Biologia Geral Moys\u00e9s Nascimento &#8211; &hellip; <a href=\"https:\/\/bioestatistica.crp.ufv.br\/?page_id=1894\">Leia mais<\/a><\/p>\n","protected":false},"author":1,"featured_media":0,"parent":0,"menu_order":0,"comment_status":"closed","ping_status":"closed","template":"","meta":{"footnotes":""},"class_list":["post-1894","page","type-page","status-publish","hentry"],"_links":{"self":[{"href":"https:\/\/bioestatistica.crp.ufv.br\/index.php?rest_route=\/wp\/v2\/pages\/1894","targetHints":{"allow":["GET"]}}],"collection":[{"href":"https:\/\/bioestatistica.crp.ufv.br\/index.php?rest_route=\/wp\/v2\/pages"}],"about":[{"href":"https:\/\/bioestatistica.crp.ufv.br\/index.php?rest_route=\/wp\/v2\/types\/page"}],"author":[{"embeddable":true,"href":"https:\/\/bioestatistica.crp.ufv.br\/index.php?rest_route=\/wp\/v2\/users\/1"}],"replies":[{"embeddable":true,"href":"https:\/\/bioestatistica.crp.ufv.br\/index.php?rest_route=%2Fwp%2Fv2%2Fcomments&post=1894"}],"version-history":[{"count":24,"href":"https:\/\/bioestatistica.crp.ufv.br\/index.php?rest_route=\/wp\/v2\/pages\/1894\/revisions"}],"predecessor-version":[{"id":2406,"href":"https:\/\/bioestatistica.crp.ufv.br\/index.php?rest_route=\/wp\/v2\/pages\/1894\/revisions\/2406"}],"wp:attachment":[{"href":"https:\/\/bioestatistica.crp.ufv.br\/index.php?rest_route=%2Fwp%2Fv2%2Fmedia&parent=1894"}],"curies":[{"name":"wp","href":"https:\/\/api.w.org\/{rel}","templated":true}]}}