{"id":2227,"date":"2018-09-19T14:38:40","date_gmt":"2018-09-19T17:38:40","guid":{"rendered":"https:\/\/bioestatistica.crp.ufv.br\/?page_id=2227"},"modified":"2020-10-30T14:46:37","modified_gmt":"2020-10-30T17:46:37","slug":"eder","status":"publish","type":"page","link":"https:\/\/bioestatistica.crp.ufv.br\/?page_id=2227","title":{"rendered":"Eder Matsuo"},"content":{"rendered":"<p><strong>Forma\u00e7\u00e3o:<\/strong><\/p>\n<ul>\n<li style=\"text-align: left;\"><em>Doctor Scientiae<\/em> (D.Sc.) em Gen\u00e9tica e Melhoramento\u00a0pela Universidade Federal de Vi\u00e7osa (UFV) &#8211; (2009-2012)<\/li>\n<li style=\"text-align: left;\"><em>Magister Scientiae<\/em> (M.Sc.) em Gen\u00e9tica e Melhoramento pela Universidade Federal de Vi\u00e7osa (UFV) &#8211; (2008-2009)<\/li>\n<li style=\"text-align: left;\">Engenheiro Agr\u00f4nomo pela Universidade Federal de Vi\u00e7osa (UFV) &#8211; (mar\u00e7o de 2003 a janeiro de 2008)<\/li>\n<\/ul>\n<p><strong>Experi\u00eancia Profissional:<\/strong><\/p>\n<ul>\n<li style=\"text-align: left;\">Professor Efetivo na Universidade Federal de Vi\u00e7osa &#8211; <em>Campus<\/em>\u00a0Rio Parana\u00edba (2013 &#8211; Atual)<\/li>\n<li style=\"text-align: left;\">Melhorista J\u00fanior (Cultura da Soja) na Bayer S.A. (2012-2013)<\/li>\n<\/ul>\n<p><strong>\u00c1reas de atua\u00e7\u00e3o e Pesquisa:<\/strong><\/p>\n<ul>\n<li style=\"text-align: left;\">Melhoramento Gen\u00e9tico da Soja<\/li>\n<li style=\"text-align: left;\">Estat\u00edstica Experimental, Biometria e\u00a0Diversidade Gen\u00e9tica<\/li>\n<li style=\"text-align: left;\">Redes Neurais Artificiais no Melhoramento Vegetal<\/li>\n<li style=\"text-align: left;\">Estudos em Biodiversidade: Similaridade Flor\u00edstica e an\u00e1lise de dados morfom\u00e9tricos e micromorfom\u00e9tricos<\/li>\n<\/ul>\n<p><strong>Contato:<\/strong><\/p>\n<ul>\n<li style=\"text-align: left;\">E-mail: edermatsuo@ufv.br<\/li>\n<li style=\"text-align: left;\">Endere\u00e7o Postal:\u00a0 Universidade Federal de Vi\u00e7osa &#8211; <em>Campus<\/em>\u00a0Rio Parana\u00edba, Instituto de Ci\u00eancias Exatas e Tecnol\u00f3gicas,\u00a0 \u00a0 \u00a0 \u00a0 \u00a0 \u00a0 \u00a0 \u00a0 \u00a0 \u00a0 \u00a0 \u00a0 \u00a0 Gabinete LAE 155, Rod. MG 230 &#8211; KM 8, <em>Campus<\/em> Universit\u00e1rio, Caixa Postal 22, CEP 38810-000, Rio Parana\u00edba\/MG<\/li>\n<\/ul>\n","protected":false},"excerpt":{"rendered":"<p>Forma\u00e7\u00e3o: Doctor Scientiae (D.Sc.) em Gen\u00e9tica e Melhoramento\u00a0pela Universidade Federal de Vi\u00e7osa (UFV) &#8211; (2009-2012) Magister Scientiae (M.Sc.) em Gen\u00e9tica e Melhoramento pela Universidade Federal de Vi\u00e7osa (UFV) &#8211; (2008-2009) Engenheiro Agr\u00f4nomo pela Universidade Federal de Vi\u00e7osa (UFV) &#8211; (mar\u00e7o &hellip; <a href=\"https:\/\/bioestatistica.crp.ufv.br\/?page_id=2227\">Leia mais<\/a><\/p>\n","protected":false},"author":6,"featured_media":0,"parent":0,"menu_order":0,"comment_status":"closed","ping_status":"closed","template":"","meta":{"footnotes":""},"class_list":["post-2227","page","type-page","status-publish","hentry"],"_links":{"self":[{"href":"https:\/\/bioestatistica.crp.ufv.br\/index.php?rest_route=\/wp\/v2\/pages\/2227","targetHints":{"allow":["GET"]}}],"collection":[{"href":"https:\/\/bioestatistica.crp.ufv.br\/index.php?rest_route=\/wp\/v2\/pages"}],"about":[{"href":"https:\/\/bioestatistica.crp.ufv.br\/index.php?rest_route=\/wp\/v2\/types\/page"}],"author":[{"embeddable":true,"href":"https:\/\/bioestatistica.crp.ufv.br\/index.php?rest_route=\/wp\/v2\/users\/6"}],"replies":[{"embeddable":true,"href":"https:\/\/bioestatistica.crp.ufv.br\/index.php?rest_route=%2Fwp%2Fv2%2Fcomments&post=2227"}],"version-history":[{"count":55,"href":"https:\/\/bioestatistica.crp.ufv.br\/index.php?rest_route=\/wp\/v2\/pages\/2227\/revisions"}],"predecessor-version":[{"id":2446,"href":"https:\/\/bioestatistica.crp.ufv.br\/index.php?rest_route=\/wp\/v2\/pages\/2227\/revisions\/2446"}],"wp:attachment":[{"href":"https:\/\/bioestatistica.crp.ufv.br\/index.php?rest_route=%2Fwp%2Fv2%2Fmedia&parent=2227"}],"curies":[{"name":"wp","href":"https:\/\/api.w.org\/{rel}","templated":true}]}}