{"id":2358,"date":"2018-10-02T09:17:19","date_gmt":"2018-10-02T12:17:19","guid":{"rendered":"https:\/\/bioestatistica.crp.ufv.br\/?page_id=2358"},"modified":"2020-10-30T14:49:00","modified_gmt":"2020-10-30T17:49:00","slug":"publicacoes","status":"publish","type":"page","link":"https:\/\/bioestatistica.crp.ufv.br\/?page_id=2358","title":{"rendered":"Publica\u00e7\u00f5es"},"content":{"rendered":"<ul>\n<li style=\"text-align: left;\">2020<\/li>\n<\/ul>\n<ol style=\"text-align: left;\">\n<li>Genetic parameters estimate and characters analysis in phenotypic phase of soybean during two evaluation periods.\u00a0<a href=\"https:\/\/www.mecenaspublishing.com\/journals\/index.php\/asbjournal\/article\/view\/104\" target=\"_blank\" rel=\"noopener\"><em>Link<\/em><\/a><\/li>\n<li>Aplica\u00e7\u00f5es de t\u00e9cnicas biom\u00e9tricas no melhoramento gen\u00e9tico da soja (Livro).<\/li>\n<li>Origem, distribui\u00e7\u00e3o geogr\u00e1fica e import\u00e2ncia econ\u00f4mica (Cap\u00edtulo de livro).<\/li>\n<li>Descritores Fenot\u00edpicos (Cap\u00edtulo de livro).<\/li>\n<li>Marcadores Moleculares (Cap\u00edtulo de livro).<\/li>\n<li>Diverg\u00eancia Gen\u00e9tica (Cap\u00edtulo de livro).<\/li>\n<li>An\u00e1lise Dial\u00e9lica e Vigor H\u00edbrido (Cap\u00edtulo de livro).<\/li>\n<li>Herdabilidade (Cap\u00edtulo de livro).<\/li>\n<li>An\u00e1lise de Trilha (Cap\u00edtulo de livro).<\/li>\n<li>Repetibilidade (Cap\u00edtulo de livro).<\/li>\n<li>Sele\u00e7\u00e3o Recorrente (Cap\u00edtulo de livro).<\/li>\n<li>\u00cdndice de Sele\u00e7\u00e3o (Cap\u00edtulo de livro).<\/li>\n<li>Biometria no Melhoramento Gen\u00e9tico de Sementes (Cap\u00edtulo de livro).<\/li>\n<\/ol>\n<ul style=\"text-align: left;\">\n<li>2019<\/li>\n<\/ul>\n<ol style=\"text-align: left;\">\n<li>Stability of the hypocotyl length of soybean cultivars using neural networks and traditional methods. <em><a href=\"http:\/\/www.scielo.br\/scielo.php?script=sci_arttext&amp;pid=S0103-84782019000300201&amp;lng=en&amp;nrm=iso&amp;tlng=en\" target=\"_blank\" rel=\"noopener\">Link<\/a><\/em><\/li>\n<li>An\u00e1lise do di\u00e2metro do hipoc\u00f3tilo em plantas de soja. <em><a href=\"http:\/\/www.nucleus.feituverava.com.br\/index.php\/nucleus\/article\/view\/3551\/3072\" target=\"_blank\" rel=\"noopener\">Link<\/a><\/em><\/li>\n<li>Estabilidade e adaptabilidade de produ\u00e7\u00e3o de gr\u00e3os de soja por meio de metodologias tradicionais e redes neurais artificiais. <a href=\"http:\/\/e-revista.unioeste.br\/index.php\/scientiaagraria\/article\/view\/21109\" target=\"_blank\" rel=\"noopener\"><em>Link<\/em><\/a><\/li>\n<li>The effect of soil volume, plant density and sowing depth on soybean seedlings characters. <a href=\"http:\/\/dx.doi.org\/10.33158\/ASB.2019v5i2p47\" target=\"_blank\" rel=\"noopener\"><em>Link<\/em><\/a><\/li>\n<\/ol>\n<ul style=\"text-align: left;\">\n<li>2018<\/li>\n<\/ul>\n<ol>\n<li style=\"text-align: left;\">Use of milimeter rules as an alternative tool in the phenotyping of potential descriptors of soybean. <a href=\"https:\/\/doi.org\/10.5897\/AJAR2018.13248\" target=\"_blank\" rel=\"noopener\"><em>Link<\/em><\/a><\/li>\n<li style=\"text-align: left;\">Morfometria reprodutiva e diversidade gen\u00e9tica em cultivares de soja. <em><a href=\"http:\/\/www.nucleus.feituverava.com.br\/index.php\/nucleus\/article\/view\/2894\" target=\"_blank\" rel=\"noopener\">Link<\/a><\/em><\/li>\n<\/ol>\n","protected":false},"excerpt":{"rendered":"<p>2020 Genetic parameters estimate and characters analysis in phenotypic phase of soybean during two evaluation periods.\u00a0Link Aplica\u00e7\u00f5es de t\u00e9cnicas biom\u00e9tricas no melhoramento gen\u00e9tico da soja (Livro). Origem, distribui\u00e7\u00e3o geogr\u00e1fica e import\u00e2ncia econ\u00f4mica (Cap\u00edtulo de livro). Descritores Fenot\u00edpicos (Cap\u00edtulo de livro). &hellip; <a href=\"https:\/\/bioestatistica.crp.ufv.br\/?page_id=2358\">Leia mais<\/a><\/p>\n","protected":false},"author":6,"featured_media":0,"parent":0,"menu_order":0,"comment_status":"closed","ping_status":"closed","template":"","meta":{"footnotes":""},"class_list":["post-2358","page","type-page","status-publish","hentry"],"_links":{"self":[{"href":"https:\/\/bioestatistica.crp.ufv.br\/index.php?rest_route=\/wp\/v2\/pages\/2358","targetHints":{"allow":["GET"]}}],"collection":[{"href":"https:\/\/bioestatistica.crp.ufv.br\/index.php?rest_route=\/wp\/v2\/pages"}],"about":[{"href":"https:\/\/bioestatistica.crp.ufv.br\/index.php?rest_route=\/wp\/v2\/types\/page"}],"author":[{"embeddable":true,"href":"https:\/\/bioestatistica.crp.ufv.br\/index.php?rest_route=\/wp\/v2\/users\/6"}],"replies":[{"embeddable":true,"href":"https:\/\/bioestatistica.crp.ufv.br\/index.php?rest_route=%2Fwp%2Fv2%2Fcomments&post=2358"}],"version-history":[{"count":24,"href":"https:\/\/bioestatistica.crp.ufv.br\/index.php?rest_route=\/wp\/v2\/pages\/2358\/revisions"}],"predecessor-version":[{"id":2447,"href":"https:\/\/bioestatistica.crp.ufv.br\/index.php?rest_route=\/wp\/v2\/pages\/2358\/revisions\/2447"}],"wp:attachment":[{"href":"https:\/\/bioestatistica.crp.ufv.br\/index.php?rest_route=%2Fwp%2Fv2%2Fmedia&parent=2358"}],"curies":[{"name":"wp","href":"https:\/\/api.w.org\/{rel}","templated":true}]}}