{"id":7,"date":"2013-01-15T18:32:52","date_gmt":"2013-01-15T18:32:52","guid":{"rendered":"http:\/\/localhost\/dsa\/?page_id=7"},"modified":"2025-05-08T15:00:02","modified_gmt":"2025-05-08T18:00:02","slug":"inicio","status":"publish","type":"page","link":"https:\/\/bioestatistica.crp.ufv.br\/","title":{"rendered":"In\u00edcio"},"content":{"rendered":"<h2>\u00a0<\/h2>\n<h1>P\u00c1GINA EM MANUTEN\u00c7\u00c3O<\/h1>\n<h2>\u00a0<\/h2>\n<h2><span style=\"color: #a52a2a;\"><span style=\"background-color: #f2f4f5; color: #222222; font-family: Monaco, Consolas, 'Andale Mono', 'DejaVu Sans Mono', monospace; font-size: 13px; font-style: normal; font-weight: normal; text-align: left;\"><span style=\"color: #993300;\"><strong>Informativos<\/strong><\/span><\/span><\/span><\/h2>\n<p><span style=\"color: #a52a2a;\"><span style=\"background-color: #f2f4f5; color: #222222; font-family: Monaco, Consolas, 'Andale Mono', 'DejaVu Sans Mono', monospace; font-size: 13px; font-style: normal; font-weight: normal; text-align: left;\"><ul class=\"lcp_catlist\" id=\"lcp_instance_0\"><li><a href=\"https:\/\/bioestatistica.crp.ufv.br\/?informativos=periodo-eleitoral\">Per\u00edodo Eleitoral &#8211; 2018<\/a><\/li><\/ul><\/span><\/span><\/p>\n\n\n<p><\/p>\n","protected":false},"excerpt":{"rendered":"<p>\u00a0 P\u00c1GINA EM MANUTEN\u00c7\u00c3O \u00a0 Informativos<\/p>\n","protected":false},"author":1,"featured_media":0,"parent":0,"menu_order":0,"comment_status":"closed","ping_status":"closed","template":"","meta":{"footnotes":""},"class_list":["post-7","page","type-page","status-publish","hentry"],"_links":{"self":[{"href":"https:\/\/bioestatistica.crp.ufv.br\/index.php?rest_route=\/wp\/v2\/pages\/7","targetHints":{"allow":["GET"]}}],"collection":[{"href":"https:\/\/bioestatistica.crp.ufv.br\/index.php?rest_route=\/wp\/v2\/pages"}],"about":[{"href":"https:\/\/bioestatistica.crp.ufv.br\/index.php?rest_route=\/wp\/v2\/types\/page"}],"author":[{"embeddable":true,"href":"https:\/\/bioestatistica.crp.ufv.br\/index.php?rest_route=\/wp\/v2\/users\/1"}],"replies":[{"embeddable":true,"href":"https:\/\/bioestatistica.crp.ufv.br\/index.php?rest_route=%2Fwp%2Fv2%2Fcomments&post=7"}],"version-history":[{"count":188,"href":"https:\/\/bioestatistica.crp.ufv.br\/index.php?rest_route=\/wp\/v2\/pages\/7\/revisions"}],"predecessor-version":[{"id":2453,"href":"https:\/\/bioestatistica.crp.ufv.br\/index.php?rest_route=\/wp\/v2\/pages\/7\/revisions\/2453"}],"wp:attachment":[{"href":"https:\/\/bioestatistica.crp.ufv.br\/index.php?rest_route=%2Fwp%2Fv2%2Fmedia&parent=7"}],"curies":[{"name":"wp","href":"https:\/\/api.w.org\/{rel}","templated":true}]}}